{"id":78,"date":"2016-07-01T09:08:58","date_gmt":"2016-07-01T09:08:58","guid":{"rendered":"http:\/\/liberty.fdn.fr\/?page_id=78"},"modified":"2016-07-01T19:57:29","modified_gmt":"2016-07-01T19:57:29","slug":"projet-script","status":"publish","type":"page","link":"http:\/\/renaudguezennec.eu\/index.php\/projects\/projet-script\/","title":{"rendered":"Projet Script"},"content":{"rendered":"<p><strong>Projet Script<\/strong><\/p>\n<p><strong>Description<\/strong>:<br \/>\nCe script a pour but la g\u00e9n\u00e9ration d&#8217;un fichier html qui liste le contenu d&#8217;un r\u00e9pertoire et ses sous r\u00e9pertoires. Vous avez la possibilit\u00e9 d&#8217;ajouter un commentaire sur chaque fichier. Le fichier g\u00e9n\u00e9r\u00e9 affichera des informations sur le fichier: la taille etc. Il est possible de cliquer sur un fichier ce qui provoque son ouverture. Projet r\u00e9alis\u00e9 dans le cadre de la premi\u00e8re ann\u00e9e de DUT.<\/p>\n<p><strong>Installation<\/strong>:<br \/>\n    Copier\/coller le script dans un dossier.<br \/>\n    Donner lui les droits d&#8217;execution. par la commande &#8220;chmod u+x scriptv4.0.sh&#8221;<br \/>\n    lancez le par l&#8217;instrection &#8220;.\/scriptv4.0.sh<\/p>\n<p><strong>Execution<\/strong>:<br \/>\nUn menu s&#8217;affiche, choississez l&#8217;action \u00e0 effectuer et suivez les instruction qui s&#8217;affiche.<\/p>\n<p><strong>Auteurs<\/strong> :<br \/>\nRenaud Guezennec, Nicolas Sylvander<\/p>\n<p><strong>Download<\/strong>:<br \/>\n\u00c9x\u00e9cutable: <a href=\"\/file\/projet.sh\">projet.sh<\/a> (Linux)<\/p>\n","protected":false},"excerpt":{"rendered":"<p>Projet Script Description: Ce script a pour but la g\u00e9n\u00e9ration d&#8217;un fichier html qui liste le contenu d&#8217;un r\u00e9pertoire et ses sous r\u00e9pertoires. Vous avez la possibilit\u00e9 d&#8217;ajouter un commentaire sur chaque fichier. Le fichier g\u00e9n\u00e9r\u00e9 affichera des informations sur le fichier: la taille etc. Il est possible de cliquer sur un fichier ce qui [&hellip;]<\/p>\n","protected":false},"author":1,"featured_media":0,"parent":5,"menu_order":-1,"comment_status":"closed","ping_status":"closed","template":"","meta":{"_import_markdown_pro_load_document_selector":0,"_import_markdown_pro_submit_text_textarea":"","footnotes":""},"class_list":["post-78","page","type-page","status-publish","hentry"],"_links":{"self":[{"href":"http:\/\/renaudguezennec.eu\/index.php\/wp-json\/wp\/v2\/pages\/78","targetHints":{"allow":["GET"]}}],"collection":[{"href":"http:\/\/renaudguezennec.eu\/index.php\/wp-json\/wp\/v2\/pages"}],"about":[{"href":"http:\/\/renaudguezennec.eu\/index.php\/wp-json\/wp\/v2\/types\/page"}],"author":[{"embeddable":true,"href":"http:\/\/renaudguezennec.eu\/index.php\/wp-json\/wp\/v2\/users\/1"}],"replies":[{"embeddable":true,"href":"http:\/\/renaudguezennec.eu\/index.php\/wp-json\/wp\/v2\/comments?post=78"}],"version-history":[{"count":3,"href":"http:\/\/renaudguezennec.eu\/index.php\/wp-json\/wp\/v2\/pages\/78\/revisions"}],"predecessor-version":[{"id":83,"href":"http:\/\/renaudguezennec.eu\/index.php\/wp-json\/wp\/v2\/pages\/78\/revisions\/83"}],"up":[{"embeddable":true,"href":"http:\/\/renaudguezennec.eu\/index.php\/wp-json\/wp\/v2\/pages\/5"}],"wp:attachment":[{"href":"http:\/\/renaudguezennec.eu\/index.php\/wp-json\/wp\/v2\/media?parent=78"}],"curies":[{"name":"wp","href":"https:\/\/api.w.org\/{rel}","templated":true}]}}