{"id":5,"date":"2016-01-25T13:31:34","date_gmt":"2016-01-25T13:31:34","guid":{"rendered":"http:\/\/liberty.fdn.fr\/?page_id=5"},"modified":"2016-07-18T05:51:30","modified_gmt":"2016-07-18T05:51:30","slug":"projects","status":"publish","type":"page","link":"http:\/\/renaudguezennec.eu\/index.php\/projects\/","title":{"rendered":"Projects"},"content":{"rendered":"<p><a href=\"http:\/\/www.rolisteam.org\">Rolisteam<\/a> :<br \/>\nFree software to play at any Role Playing Games through the internet.<\/p>\n<p><a href=\"https:\/\/github.com\/obiwankennedy\/audioPlayer\">audioPlayer<\/a> :<br \/>\nAudioPlayer is a free software. audioPlayer can create, manage playlists and plays audio file. It was originally developed for Qt and Design pattern project.<\/p>\n<p><a href=\"\/index.php\/projects\/regexpeditor\/\">RegExpEditor<\/a> :<br \/>\nRegExpEditor is a free software. It may help you for understanding regular expression mechanism with Qt<\/p>\n<p><a href=\"\/index.php\/projects\/projet-script\/\">Projet_Script<\/a> :<br \/>\nCe script a pour but la g\u00e9n\u00e9ration d&#8217;un fichier html qui liste le contenu d&#8217;un r\u00e9pertoire et ses sous r\u00e9pertoires. Vous avez la possibilit\u00e9 d&#8217;ajouter un commentaire sur chaque fichier<\/p>\n<p><a href=\"\/index.php\/projects\/sgngd\/\">SGNGD<\/a> &#8211; SvgGd is Not GD:<br \/>\nSVG Charts for PHP Description:SGNGD is a PHP library to help you for generating\u00a0 SVG charts.Based-on SVG technology, charts are more efficient<\/p>\n<p><a href=\"\/index.php\/canaldailydownloader\/\">CanalDailyDownloader<\/a> :<br \/>\nCe petit programme python permet de t\u00e9l\u00e9charger les quotidiennes de CanalPlus (le zapping et le sav). Il ne n\u00e9cessite pas de saisie utilisateur<\/p>\n<p>Clonez mes autres projets sur: <a href=\"https:\/\/github.com\/obiwankennedy\"><img loading=\"lazy\" decoding=\"async\" src=\"http:\/\/dev.bukkit.org\/media\/images\/70\/46\/github.png\" alt=\"baniere\" width=\"35\" height=\"35\" \/>GitHub<\/a><\/p>\n","protected":false},"excerpt":{"rendered":"<p>Rolisteam : Free software to play at any Role Playing Games through the internet. audioPlayer : AudioPlayer is a free software. audioPlayer can create, manage playlists and plays audio file. It was originally developed for Qt and Design pattern project. RegExpEditor : RegExpEditor is a free software. It may help you for understanding regular expression [&hellip;]<\/p>\n","protected":false},"author":1,"featured_media":0,"parent":0,"menu_order":0,"comment_status":"closed","ping_status":"closed","template":"","meta":{"_import_markdown_pro_load_document_selector":0,"_import_markdown_pro_submit_text_textarea":"","footnotes":""},"class_list":["post-5","page","type-page","status-publish","hentry"],"_links":{"self":[{"href":"http:\/\/renaudguezennec.eu\/index.php\/wp-json\/wp\/v2\/pages\/5","targetHints":{"allow":["GET"]}}],"collection":[{"href":"http:\/\/renaudguezennec.eu\/index.php\/wp-json\/wp\/v2\/pages"}],"about":[{"href":"http:\/\/renaudguezennec.eu\/index.php\/wp-json\/wp\/v2\/types\/page"}],"author":[{"embeddable":true,"href":"http:\/\/renaudguezennec.eu\/index.php\/wp-json\/wp\/v2\/users\/1"}],"replies":[{"embeddable":true,"href":"http:\/\/renaudguezennec.eu\/index.php\/wp-json\/wp\/v2\/comments?post=5"}],"version-history":[{"count":10,"href":"http:\/\/renaudguezennec.eu\/index.php\/wp-json\/wp\/v2\/pages\/5\/revisions"}],"predecessor-version":[{"id":113,"href":"http:\/\/renaudguezennec.eu\/index.php\/wp-json\/wp\/v2\/pages\/5\/revisions\/113"}],"wp:attachment":[{"href":"http:\/\/renaudguezennec.eu\/index.php\/wp-json\/wp\/v2\/media?parent=5"}],"curies":[{"name":"wp","href":"https:\/\/api.w.org\/{rel}","templated":true}]}}