{"id":2,"date":"2016-01-25T13:19:38","date_gmt":"2016-01-25T13:19:38","guid":{"rendered":"http:\/\/liberty.fdn.fr\/?page_id=2"},"modified":"2021-05-24T01:13:43","modified_gmt":"2021-05-24T01:13:43","slug":"sample-page","status":"publish","type":"page","link":"http:\/\/renaudguezennec.eu\/index.php\/sample-page\/","title":{"rendered":"CV"},"content":{"rendered":"<blockquote>\n<h2 class=\"cv_item\">Exp\u00e9rience Professionnelle<\/h2>\n<\/blockquote>\n<div class=\"experience\">\n<blockquote>\n<h4 class=\"cvtitle\">2017 &#8211; 2021 | Ing\u00e9nieur Logiciel &#8211; R&amp;D &#8211; SoftBank Robotics | Paris, France<\/h4>\n<\/blockquote>\n<ul>\n<li aria-level=\"1\"><i>D\u00e9veloppement et maintenance d\u2019applications de contr\u00f4le ou de configuration des robots.\u00a0<\/i>\n<ul>\n<li aria-level=\"2\"><i>Chor\u00e9graphe (QWidget) : un IDE pour cr\u00e9er des comportement pour le <\/i><i>\u00a0\u00a0\u00a0 <\/i><i>robot NAO et les premi\u00e8res versions de Pepper.<\/i><\/li>\n<li aria-level=\"2\"><i>Animation Editor (QML\/C++) : un outil permettant d\u2019animer un robot en pilotant l\u2019ensemble de ses moteurs.<\/i><\/li>\n<li aria-level=\"2\"><i>RobotSettings (QML\/C++) : Un outil de configuration pour le robot NAOv6.<\/i><\/li>\n<li aria-level=\"2\"><i>RobotDashboard (QML\/C++\/Android) : Un outil de configuration du robot pepper int\u00e9gr\u00e9 sur une tablette android<\/i><\/li>\n<li aria-level=\"2\"><i>RobotDashboard Plato (QML\/C++\/Android) : application android de configuration du robot au premier d\u00e9marrage du robot.<\/i><\/li>\n<\/ul>\n<\/li>\n<\/ul>\n<ul>\n<li aria-level=\"1\"><i>\u00c9criture de suites de tests Squish pour les applications de l\u2019\u00e9quipe sur <\/i><i>trois plateformes.<\/i><\/li>\n<li aria-level=\"1\"><i>D\u00e9veloppement de divers outils internes pour faciliter le travail d\u2019autres <\/i><i>\u00e9quipes.<\/i><\/li>\n<li aria-level=\"1\"><i>Compilation d\u2019image Android<\/i><\/li>\n<li aria-level=\"1\"><i>Formation de collaborateurs au QML<\/i><\/li>\n<li aria-level=\"1\"><i>Participation \u00e0 des sessions de test du SDK public des Robots Softbank Robotics en java et kotlin.<\/i><\/li>\n<\/ul>\n<\/div>\n<p><em><span class=\"bolditalic\">Environnement: <\/span><\/em><i>C++, QML, Qt, Linux, MacOsX, Windows, Git, Gitlab, QtCreator, Squish, Jenkins, Python, Java, Kotlin<\/i><\/p>\n<div class=\"experience\">\n<blockquote>\n<h4 class=\"cvtitle\">2015 &#8211; 2017 | Ing\u00e9nieur Logiciel et R\u00e9f\u00e9rant Technique Qt &#8211; R&amp;D &#8211; PSA | V\u00e9lizy, France<\/h4>\n<\/blockquote>\n<\/div>\n<ul>\n<li>Dans le cadre du projet de v\u00e9hicule autonome, PSA et ses \u00e9quipes d\u2019ergonomes<br \/>\ncherch\u00e8rent \u00e0 d\u00e9terminer les futurs usages en conduite autonome.<\/li>\n<li>Scrum Master pour une application \u00e9cran combin\u00e9 et \u00e9cran central multi-marques dans le<br \/>\nbut d\u2019offrir un cadre fonctiennel pour les projets d\u2019innovations.<\/li>\n<li>Cr\u00e9ation d\u2019une passerelle CAN &#8211; TCP\/IP fond\u00e9e sur un serveur.<\/li>\n<li>Adaptation, \u00e9volution et Int\u00e9gration de l\u2019application multi-marques sur diff\u00e9rents moyens<br \/>\n(V\u00e9hicules, simulateur de conduite et maquette sur table).<\/li>\n<li>Supervision d\u2019un plateau technique de d\u00e9veloppement (2 \u00e0 4 personnes) en m\u00e9thode<br \/>\nagile.<\/li>\n<li>Recherche solutions techniques pour de la synth\u00e8se vocale, navigation GPS, Partage<br \/>\nd\u2019\u00e9cran mobile.<\/li>\n<li>Travail en collaboration avec des ergonomes et des graphistes.<\/li>\n<li>Support int\u00e9gration Linux<\/li>\n<\/ul>\n<p><em><span class=\"bolditalic\"><span style=\"text-decoration: underline;\">Environnement<\/span>:<\/span><\/em><span class=\"italic\"><em>Qt, C++, QML, Linux, QtCreator, Git, Bash, PostgreSQL, Python.<\/em> <\/span><\/p>\n<div class=\"experience\">\n<blockquote>\n<h4 class=\"cvtitle\">2013 &#8211; 2015\u00a0 | Ing\u00e9nieur Logiciel &#8211; R&amp;D &#8211; Buf Compagnie | Paris, France<\/h4>\n<\/blockquote>\n<\/div>\n<ul>\n<li>Maintenance de quatre logiciels maison:\n<ul>\n<li>Gestion de projets<\/li>\n<li>Gestion des assets<\/li>\n<li>Gestionnaire de calcul distribu\u00e9 (soumission vers Ht Condor)<\/li>\n<li>Superviseur des calculs (monitoring du syst\u00e8me Ht Condor)<\/li>\n<\/ul>\n<\/li>\n<li>Portage de l&#8217;ensemble des applications internes de Qt4 avec Qt3Support, vers Qt4 propre.<\/li>\n<li>Portage de l&#8217;ensemble des applications internes de Qt4 vers Qt5.<\/li>\n<li>R\u00e9alisation de script pour faciliter les calculs des bureaux canadiens.<\/li>\n<li>R\u00e9plication des bases de donn\u00e9es ma\u00eetres dans les 3 p\u00f4les: Paris, Montr\u00e9al et Los Angeles.<\/li>\n<li>D\u00e9veloppement \u00e9volutif afin de moderniser l&#8217;interface de Bview, un logiciel de visualisation de s\u00e9quence d&#8217;images, dans le cadre de sa sortie au public (www.bufsoftware.com).<\/li>\n<\/ul>\n<p><em><span class=\"bolditalic\"><span style=\"text-decoration: underline;\">Environnement<\/span>:<\/span><\/em><span class=\"italic\"><em>Qt, C++, Zsh, Postgresql, HtCondor.<\/em> <\/span><\/p>\n<div class=\"experience\">\n<blockquote>\n<h4 class=\"cvtitle\">2010 &#8211; 2013\u00a0 | Ing\u00e9nieur Logiciel &#8211; R&amp;D &#8211; Valeo ISC | Cr\u00e9teil, France<\/h4>\n<\/blockquote>\n<\/div>\n<ul>\n<li>R\u00e9alisation d&#8217;une application QML pilot\u00e9 par du code g\u00e9n\u00e9r\u00e9 sur IBM Rhapsody.<\/li>\n<li>Veille technologique sur Genivi, et participation aux consortiums<\/li>\n<li>Exploration technique et \u00e9valuation de couche logiciel pour l&#8217;int\u00e9gration de diff\u00e9rentes technologies : Wifi, bluetooth.<\/li>\n<li>Maintenance \u00e9volutive d&#8217;une application Qt\/C++\/QML pour l&#8217;adapter aux besoins du salon de Francfort 2011. L&#8217;application originalement d\u00e9velopp\u00e9e par Nokia, pour le mondial de l&#8217;auto Paris 2010.<\/li>\n<li>Int\u00e9grations et suivi de projet. Suivi fournisseur pour la livraison de l&#8217;application Paris 2010, et int\u00e9gration sur cible finale (carte de r\u00e9f\u00e9rence GENIVI).<\/li>\n<li>D\u00e9veloppement de m\u00e9canisme de protection : watch dog, d\u00e9veloppement d&#8217;un driver linux pour touchscreen, d&#8217;un passerelle de communication TCP\/IP vers CAN (r\u00e9seau automobile).<\/li>\n<\/ul>\n<p><em><span class=\"bolditalic\"><span style=\"text-decoration: underline;\">Environnement<\/span>:<\/span><\/em><span class=\"italic\"><em>Qt, C++, QML, IBM Rhapsody, R&amp;D.<\/em> <\/span><\/p>\n<div class=\"experience\">\n<blockquote>\n<h4 class=\"cvtitle\">2010 &#8211; 3 mois | D\u00e9veloppeur C++ pour v\u00e9hicules blind\u00e9s | Nexter Versailles<\/h4>\n<\/blockquote>\n<ul>\n<li>D\u00e9veloppement d&#8217;une passerelle de communication entre le syst\u00e8me embarqu\u00e9 du v\u00e9hicule et un logiciel de surveillance et son r\u00e9seau de capteurs.<\/li>\n<li>D\u00e9veloppement d&#8217;une passerelle de communication entre le syst\u00e8me embarqu\u00e9 des v\u00e9hicules blind\u00e9s et un autre syst\u00e8me officialis\u00e9 OTAN.<\/li>\n<li>Tests unitaires et validation : v\u00e9rification des fonctionnalit\u00e9s principales, validation sur banc d&#8217;essais.<\/li>\n<\/ul>\n<p><em><span class=\"bolditalic\"><span style=\"text-decoration: underline;\">Environnement<\/span>: C<\/span><\/em><span class=\"italic\"><em>++,windows, TCP\/IP, network, socket.<\/em> <\/span><\/p>\n<\/div>\n<div class=\"experience\">\n<blockquote>\n<h4 class=\"cvtitle\">2009\/2010 &#8211; 4 mois | Int\u00e9grateur logiciel responsable de produit Sagem\/France Telecom et Etisalat | SoftAtHome Nanterre<\/h4>\n<\/blockquote>\n<ul>\n<li>Int\u00e9gration logicielle: gestion des diff\u00e9rentes contributions dans la r\u00e9alisation d&#8217;un middleware pour SettopBox.<\/li>\n<li>Livraison logicielle : Automatisation des livraisons (Ruby), Test de validation et Fiche de version.<\/li>\n<li>Tests unitaires : v\u00e9rification des fonctionnalit\u00e9s principales. \u00c9criture de documentation.<\/li>\n<\/ul>\n<p><em><span class=\"bolditalic\"><span style=\"text-decoration: underline;\">Environnement<\/span>:<\/span><\/em><span class=\"italic\"><em> Linux Embarqu\u00e9,ruby, gdbserver et Perforce.<\/em> <\/span><\/p>\n<\/div>\n<div class=\"experience\">\n<blockquote>\n<h4 class=\"cvtitle\">2009 &#8211; 6 mois | Stage de fin d&#8217;\u00e9tude master 2 | Integrated Computer Solutions, Inc (USA)<\/h4>\n<\/blockquote>\n<ul>\n<li>\u00c9tude de la faisabilit\u00e9 et portage de l&#8217;application Qt Object Inspector de Qt3 vers Qt4. Recherche et d\u00e9veloppement sur des p\u00e9riph\u00e9riques embarqu\u00e9s avec Qt embedded, Test des fonctionnalit\u00e9s multim\u00e9dia. Correction de bugs<\/li>\n<li>Mise en place d&#8217;une proc\u00e9dure et des outils pour d\u00e9buter un nouveau projet pour p\u00e9riph\u00e9riques embarqu\u00e9s\u00a0: Choix de la distribution linux, Compilation de la toolchain. Modification de \u00ab\u00a0recettes OpenEmbedded\u00a0\u00bb afin de compiler Qt embedded automatiquement. R\u00e9duction de bug sur la \u00ab\u00a0recette\u00a0\u00bb de Dbus.<\/li>\n<li>D\u00e9veloppement de petits programmes de d\u00e9monstration de Qt Embedded sur des architectures Arm (fonctionnalit\u00e9s multim\u00e9dia\u00a0: lecture fichiers audio, vid\u00e9o et navigation web).<\/li>\n<li>D\u00e9veloppement pour un client d&#8217;une biblioth\u00e8que de diagrammes pour le monitoring de connexions r\u00e9seaux avec d\u00e9veloppement d&#8217;une s\u00e9rie de tests unitaires (QtestLib) afin de g\u00e9n\u00e9rer des fiches de tests automatiques. Cette biblioth\u00e8que a \u00e9t\u00e9 \u00e9crite pour fonctionner sur des p\u00e9riph\u00e9riques embarqu\u00e9s utilis\u00e9s par des techniciens r\u00e9seaux.<\/li>\n<li>Support technique Qt sur une application de \u00ab\u00a0multim\u00e9dia \u00e0 la demande\u00a0\u00bb. L\u2019application Qt embedded du client souffrait de quelques probl\u00e8mes d\u2019affichages. L\u2019utilisation de DirectFb coupl\u00e9 \u00e0 Qt sur le p\u00e9riph\u00e9rique du client (Arm et puce de d\u00e9codage HD) semblait probl\u00e9matique. Identification des parties responsables des probl\u00e8mes et r\u00e9solution des bugs.<\/li>\n<li>D\u00e9veloppement pour un client d&#8217;un widget d&#8217;\u00e9dition h\u00e9xadecimale. Test et r\u00e9solution de bug d&#8217;une application ruby sur une console de jeu salon pour un client.<\/li>\n<\/ul>\n<p><em><span class=\"bolditalic\"><span style=\"text-decoration: underline;\">Environnement<\/span>: <\/span><\/em><span class=\"italic\"><em>Linux embarqu\u00e9 (open embdded), Windows, gcc, g++, mingw, visual studio C++,QtCreator, Qt, Qtembedded, QtestLib, Phonon, Webkit, Ruby, Python, OpenEmbedded. Arm, MIPS ,callgrind, gprof, gdb et gdbserver..<\/em> <\/span><\/p>\n<\/div>\n<div class=\"experience\">\n<blockquote>\n<h4 class=\"cvtitle\">2008 | Qt4 and Design patterns | Dundalk Institute of Technologies (Irlande)<\/h4>\n<\/blockquote>\n<ul>\n<li>\u00c9tude de l&#8217;\u00e9tat de l&#8217;art des design patterns<\/li>\n<li>Auto-formation au framework Qt4. Choix d&#8217;une application impliquant l&#8217;impl\u00e9mentation d&#8217;un nombre cons\u00e9quent de design patterns: Gestionnaire d&#8217;une liste de lecture audio.<\/li>\n<li>R\u00e9alisation d&#8217;une cahier des charges et autres documents.<\/li>\n<li>D\u00e9veloppement de cette application: utilisation de biblioth\u00e8ques: TagLib et id3tag pour obtenir les m\u00e9ta-donn\u00e9es d&#8217;un fichier sonore (Titre, album, artiste, ann\u00e9e, etc)<\/li>\n<\/ul>\n<p><em><span class=\"bolditalic\"><span style=\"text-decoration: underline;\">Environnement<\/span>:<\/span><\/em><span class=\"italic\"><em>Windows, Mac Os, Linux, TagLib, Kdevelop, Phonon, visual studio C++, gdb et OpenOffice.org.<\/em> <\/span><\/p>\n<\/div>\n<div class=\"experience\">\n<blockquote>\n<h4 class=\"cvtitle\">2006 &#8211; 2,5 mois | Etude, D\u00e9ploiement et modification d&#8217;une solution de travail collaboratif |Scilice (Nontron, Dordogne)<\/h4>\n<\/blockquote>\n<ul>\n<li>\u00c9tude de l&#8217;existant<\/li>\n<li>Choix de la solution en consensus avec le reste de l&#8217;entreprise: eGroupWare.<\/li>\n<li>Analyse des modifications souhait\u00e9es.<\/li>\n<li>D\u00e9ploiement de services r\u00e9seaux: Serveur imap Subversion et VPN.<\/li>\n<li>Modification de la solution choisie.<\/li>\n<li>D\u00e9ploiement de la solution modifi\u00e9e.<\/li>\n<\/ul>\n<p><em><span class=\"bolditalic\"><span style=\"text-decoration: underline;\">Environnement<\/span>: <\/span><\/em><span class=\"italic\"><em>Linux Debian, Apache, Php, Subversion, serveur Imap,VPN,CVS,eGroupWare.<\/em> <\/span><\/p>\n<\/div>\n<div class=\"experience\">\n<blockquote>\n<h4 class=\"cvtitle\">2005 &#8211; 4 mois | Aide \u00e0 l&#8217;orientation par l&#8217;affichage de plans 2D g\u00e9n\u00e9r\u00e9s par l&#8217;analyse de fichiers IFC | IUT D&#8217;Arles<\/h4>\n<\/blockquote>\n<ul>\n<li>R\u00e9alisation Cahier des charges<\/li>\n<li>D\u00e9veloppement de l&#8217;application \u00ab\u00a0bureau\u00a0\u00bb<\/li>\n<li>D\u00e9ploiement d&#8217;un serveur Tomcat.<\/li>\n<li>D\u00e9veloppement du servlet de l&#8217;application.<\/li>\n<\/ul>\n<p><em><span class=\"bolditalic\"><span style=\"text-decoration: underline;\">Environnement<\/span>:<\/span><span class=\"italic\">Java, eclipse, Tomcat, Servlet, xml. <\/span><\/em><\/p>\n<\/div>\n<blockquote>\n<h3 class=\"cv_item\">Formations<\/h3>\n<\/blockquote>\n<ul class=\"cv\">\n<li><span class=\"tete_CV\">2008-2009<\/span> : Master 2 Informatique &#8211; Mention Assez Bien &#8211; Avignon, France.<\/li>\n<li><span class=\"tete_CV\">2007-2008<\/span> : Bachelor of Science (Honours) in Computing in Internet Technologies au Dundalk Institute of Technology &#8211; Dundalk &#8211; Irlande.<\/li>\n<li><span class=\"tete_CV\">2006-2007<\/span> : 3\u00e8me ann\u00e9e de licence informatique g\u00e9nie math\u00e9matique et informatique &#8211; Avignon, France.<\/li>\n<li><span class=\"tete_CV\">2005-2006<\/span> : Deuxi\u00e8me ann\u00e9e IUT informatique &#8211; Arles, France.<\/li>\n<li><span class=\"tete_CV\">2004-2005<\/span> : Premi\u00e8re ann\u00e9e DUT informatique &#8211; Arles, France.<\/li>\n<li><span class=\"tete_CV\">2004<\/span> : Bac Sciences et Techniques industrielles option g\u00e9nie M\u00e9canique. Mention Bien &#8211; Arles, France.<\/li>\n<\/ul>\n<blockquote>\n<h3 class=\"cv_item\">Comp\u00e9tences<\/h3>\n<\/blockquote>\n<ul class=\"cv\">\n<li><span class=\"tete_CV\">Langages<\/span> : <span class=\"under\">C\/C++<\/span> : Qt5, Qt4, GTK+, WxWidget, MFC, Win32, Syst\u00e8me et STL.<br \/>\n<span class=\"under\">Java<\/span> : Swing, SWT, JDOM et JfreeChart.<br \/>\n<span class=\"under\">Imagerie Num\u00e9rique<\/span> : OpenGL, traitement d&#8217;image, DirectX et MAXscript.<br \/>\n<span class=\"under\">Autres<\/span>: QML, Bash, Python, PostgreSQL, MySQL, Ruby, Perl, Prolog, et Oracle.<\/li>\n<li><span class=\"tete_CV\">Technologies web<\/span> : Php, MySQL,XHTML\/HTML et CSS.<\/li>\n<li><span class=\"tete_CV\">Th\u00e9ories<\/span> :\n<ul>\n<li>Du langage.<\/li>\n<li>De la compilation.<\/li>\n<li>Traitement Automatis\u00e9 du langage \u00e9crit: r\u00e9sum\u00e9 automatique de texte.<\/li>\n<\/ul>\n<\/li>\n<li><span class=\"tete_CV\">Syst\u00e8me<\/span> : Debian, Ubuntu, Windows, et Mac OS X.<\/li>\n<li><span class=\"tete_CV\">R\u00e9seaux<\/span> : LAN, WAN (routeur Cisco), Ethernet et VPN.<\/li>\n<li><span class=\"tete_CV\">Analyse et conception<\/span> :\u00a0 MVC, design patterns, UML et merise.<\/li>\n<li><span class=\"tete_CV\">Syst\u00e8mes de gestion de bases de donn\u00e9es<\/span> : langage SQL (Oracle, Mysql et PostgreSQL).<\/li>\n<li><span class=\"tete_CV\">Embarqu\u00e9<\/span> : Yocto, Qt embedded, OpenEmbedded, gdbserver.<\/li>\n<\/ul>\n<blockquote>\n<h3 class=\"cv_item\">Activit\u00e9s<\/h3>\n<\/blockquote>\n<p class=\"cv\">Musique: Je pratique la guitare depuis 8 ans<br \/>\nOrganisation d&#8217;\u00e9v\u00e8nements dans le cadre associatif et animation de stand.<\/p>\n<blockquote>\n<h3 class=\"cv_item\">Divers<\/h3>\n<\/blockquote>\n<p class=\"cv\">Titulaire du permis B<\/p>\n","protected":false},"excerpt":{"rendered":"<p>Exp\u00e9rience Professionnelle 2017 &#8211; 2021 | Ing\u00e9nieur Logiciel &#8211; R&amp;D &#8211; SoftBank Robotics | Paris, France D\u00e9veloppement et maintenance d\u2019applications de contr\u00f4le ou de configuration des robots.\u00a0 Chor\u00e9graphe (QWidget) : un IDE pour cr\u00e9er des comportement pour le \u00a0\u00a0\u00a0 robot NAO et les premi\u00e8res versions de Pepper. Animation Editor (QML\/C++) : un outil permettant d\u2019animer [&hellip;]<\/p>\n","protected":false},"author":1,"featured_media":0,"parent":0,"menu_order":0,"comment_status":"closed","ping_status":"open","template":"","meta":{"_import_markdown_pro_load_document_selector":0,"_import_markdown_pro_submit_text_textarea":"","footnotes":""},"class_list":["post-2","page","type-page","status-publish","hentry"],"_links":{"self":[{"href":"http:\/\/renaudguezennec.eu\/index.php\/wp-json\/wp\/v2\/pages\/2","targetHints":{"allow":["GET"]}}],"collection":[{"href":"http:\/\/renaudguezennec.eu\/index.php\/wp-json\/wp\/v2\/pages"}],"about":[{"href":"http:\/\/renaudguezennec.eu\/index.php\/wp-json\/wp\/v2\/types\/page"}],"author":[{"embeddable":true,"href":"http:\/\/renaudguezennec.eu\/index.php\/wp-json\/wp\/v2\/users\/1"}],"replies":[{"embeddable":true,"href":"http:\/\/renaudguezennec.eu\/index.php\/wp-json\/wp\/v2\/comments?post=2"}],"version-history":[{"count":7,"href":"http:\/\/renaudguezennec.eu\/index.php\/wp-json\/wp\/v2\/pages\/2\/revisions"}],"predecessor-version":[{"id":2860,"href":"http:\/\/renaudguezennec.eu\/index.php\/wp-json\/wp\/v2\/pages\/2\/revisions\/2860"}],"wp:attachment":[{"href":"http:\/\/renaudguezennec.eu\/index.php\/wp-json\/wp\/v2\/media?parent=2"}],"curies":[{"name":"wp","href":"https:\/\/api.w.org\/{rel}","templated":true}]}}