{"id":106,"date":"2016-07-17T13:52:03","date_gmt":"2016-07-17T13:52:03","guid":{"rendered":"http:\/\/liberty.fdn.fr\/?page_id=106"},"modified":"2016-07-17T13:52:03","modified_gmt":"2016-07-17T13:52:03","slug":"canaldailydownloader","status":"publish","type":"page","link":"http:\/\/renaudguezennec.eu\/index.php\/canaldailydownloader\/","title":{"rendered":"CanalDailyDownloader"},"content":{"rendered":"<p>Ce petit programme python permet de t\u00e9l\u00e9charger les quotidiennes de CanalPlus (le zapping et le sav). Il ne n\u00e9cessite pas de saisie utilisateur. Il est donc facilement utilisable dans une r\u00e8gle crontab.<\/p>\n<p>Lien : <a href=\"http:\/\/forum.ubuntu-fr.org\/viewtopic.php?pid=3245887#p3245887\">http:\/\/forum.ubuntu-fr.org\/viewtopic.php?pid=3245887#p3245887<\/a><\/p>\n<h2>Commande typique<\/h2>\n<pre>python canal.py -RSZUd 1<\/pre>\n<p>l&#8217;option Z : zapping<br \/>\nl&#8217;option S : sav<br \/>\nl&#8217;option U : Salut Les terriens<br \/>\nl&#8217;option R : Groland<br \/>\nl&#8217;option d 1 : d\u00e9finit la profondeur \u00e0 1. Le programme t\u00e9l\u00e9chargera le plus r\u00e9cent (et uniquement celui-ci) fichier de chaque \u00e9mission demand\u00e9e. [ 0 signifie t\u00e9l\u00e9charger tout ]<\/p>\n<p>Il est conseill\u00e9 d&#8217;utiliser l&#8217;option -f pour le premier lancement ou \u00e0 chaque fois que vous ajouter une nouvelle \u00e9mission. Cette option cr\u00e9e l&#8217;arborescence de dossiers.<\/p>\n<p>Le r\u00e9pertoire par d\u00e9faut est:<\/p>\n<h2>Linux<\/h2>\n<p>\/home\/Votre_USER\/Canal_Download<\/p>\n<h2>Windows<\/h2>\n<p>C:\/&#8230;\/Mes documents\/Canal_Download<\/p>\n<h2>Autres options disponibles<\/h2>\n<p>-l : t\u00e9l\u00e9charger les vid\u00e9os en basse qualit\u00e9<br \/>\n-h : afficher l&#8217;aide<br \/>\n-D [r\u00e9pertoire] : red\u00e9finir le r\u00e9pertoire d&#8217;enregistrement<br \/>\n-V : affiche la version<br \/>\n-v : mode verbose<br \/>\n-O: mode pour forcer la r\u00e9\u00e9criture des fichiers.<br \/>\n-f : force cr\u00e9ation de l&#8217;arborescence.<\/p>\n<h2>Toutes les \u00e9missions disponibles<\/h2>\n<p>A: discrete<br \/>\nB: boite<br \/>\nC: planquee<br \/>\nG: guignols<br \/>\nJ: petit<br \/>\nL: petite<br \/>\nM: meteo<br \/>\nP: pepites<br \/>\nR: groland<br \/>\nS: sav<br \/>\nT: tele<br \/>\nU: salut<br \/>\nZ: zapping<\/p>\n<h2>Technique:<\/h2>\n<p>Parsage XML : dom<br \/>\nParam\u00e8tre de lancement : getopt<br \/>\nLecture de fichier distant : urllib<\/p>\n<h2>D\u00e9pendance:<\/h2>\n<p>Python<br \/>\nflvstreamer<\/p>\n<h2>Auteurs :<\/h2>\n<ul>\n<li>Renaud Guezennec,<\/li>\n<li>Compte0<\/li>\n<li>senado<\/li>\n<\/ul>\n<h2>Download:<\/h2>\n<p>Source:<a href=\"http:\/\/liberty.fdn.fr\/wp-content\/uploads\/2016\/07\/CanalDailyDownloader_0.1.2.tar.gz\" rel=\"\">CanalDailyDownloader_0.1.2.tar<\/a><\/p>\n","protected":false},"excerpt":{"rendered":"<p>Ce petit programme python permet de t\u00e9l\u00e9charger les quotidiennes de CanalPlus (le zapping et le sav). Il ne n\u00e9cessite pas de saisie utilisateur. Il est donc facilement utilisable dans une r\u00e8gle crontab. Lien : http:\/\/forum.ubuntu-fr.org\/viewtopic.php?pid=3245887#p3245887 Commande typique python canal.py -RSZUd 1 l&#8217;option Z : zapping l&#8217;option S : sav l&#8217;option U : Salut Les terriens [&hellip;]<\/p>\n","protected":false},"author":1,"featured_media":0,"parent":0,"menu_order":0,"comment_status":"closed","ping_status":"closed","template":"","meta":{"_import_markdown_pro_load_document_selector":0,"_import_markdown_pro_submit_text_textarea":"","footnotes":""},"class_list":["post-106","page","type-page","status-publish","hentry"],"_links":{"self":[{"href":"http:\/\/renaudguezennec.eu\/index.php\/wp-json\/wp\/v2\/pages\/106","targetHints":{"allow":["GET"]}}],"collection":[{"href":"http:\/\/renaudguezennec.eu\/index.php\/wp-json\/wp\/v2\/pages"}],"about":[{"href":"http:\/\/renaudguezennec.eu\/index.php\/wp-json\/wp\/v2\/types\/page"}],"author":[{"embeddable":true,"href":"http:\/\/renaudguezennec.eu\/index.php\/wp-json\/wp\/v2\/users\/1"}],"replies":[{"embeddable":true,"href":"http:\/\/renaudguezennec.eu\/index.php\/wp-json\/wp\/v2\/comments?post=106"}],"version-history":[{"count":1,"href":"http:\/\/renaudguezennec.eu\/index.php\/wp-json\/wp\/v2\/pages\/106\/revisions"}],"predecessor-version":[{"id":108,"href":"http:\/\/renaudguezennec.eu\/index.php\/wp-json\/wp\/v2\/pages\/106\/revisions\/108"}],"wp:attachment":[{"href":"http:\/\/renaudguezennec.eu\/index.php\/wp-json\/wp\/v2\/media?parent=106"}],"curies":[{"name":"wp","href":"https:\/\/api.w.org\/{rel}","templated":true}]}}